{"id":87,"date":"2026-01-06T17:23:13","date_gmt":"2026-01-06T16:23:13","guid":{"rendered":"https:\/\/abogadosenpolonia.pl\/?page_id=87"},"modified":"2026-01-09T14:55:31","modified_gmt":"2026-01-09T13:55:31","slug":"details","status":"publish","type":"page","link":"https:\/\/abogadosenpolonia.pl\/pl\/details\/","title":{"rendered":"details"},"content":{"rendered":"<div data-elementor-type=\"wp-page\" data-elementor-id=\"87\" class=\"elementor elementor-87\" data-elementor-post-type=\"page\">\n\t\t\t\t<div class=\"elementor-element elementor-element-1d0e0fd e-flex e-con-boxed e-con e-parent\" data-id=\"1d0e0fd\" data-element_type=\"container\" data-settings=\"{&quot;background_background&quot;:&quot;classic&quot;}\">\n\t\t\t\t\t<div class=\"e-con-inner\">\n\t\t\t\t<div class=\"elementor-element elementor-element-b407996 elementor-widget elementor-widget-heading\" data-id=\"b407996\" data-element_type=\"widget\" data-widget_type=\"heading.default\">\n\t\t\t\t\t<h2 class=\"elementor-heading-title elementor-size-default\">Dane kancelarii oraz numery kont bankowych<\/h2>\t\t\t\t<\/div>\n\t\t\t\t<div class=\"elementor-element elementor-element-cc63bc5 elementor-widget elementor-widget-heading\" data-id=\"cc63bc5\" data-element_type=\"widget\" data-widget_type=\"heading.default\">\n\t\t\t\t\t<h2 class=\"elementor-heading-title elementor-size-default\">KANCELARIA PRAWNA PATRYK GUTIERREZ<\/h2>\t\t\t\t<\/div>\n\t\t<div class=\"elementor-element elementor-element-b158fe3 e-con-full e-flex e-con e-child\" data-id=\"b158fe3\" data-element_type=\"container\" data-settings=\"{&quot;background_background&quot;:&quot;classic&quot;}\">\n\t\t<div class=\"elementor-element elementor-element-1df09a6 e-con-full e-flex e-con e-child\" data-id=\"1df09a6\" data-element_type=\"container\">\n\t\t\t\t<div class=\"elementor-element elementor-element-f6a95cb elementor-widget elementor-widget-image\" data-id=\"f6a95cb\" data-element_type=\"widget\" data-widget_type=\"image.default\">\n\t\t\t\t\t\t\t\t\t\t\t\t\t\t\t<img fetchpriority=\"high\" decoding=\"async\" width=\"800\" height=\"800\" src=\"https:\/\/abogadosenpolonia.pl\/wp-content\/uploads\/2026\/01\/details-1024x1024.jpg\" class=\"attachment-large size-large wp-image-290\" alt=\"\" srcset=\"https:\/\/abogadosenpolonia.pl\/wp-content\/uploads\/2026\/01\/details-1024x1024.jpg 1024w, https:\/\/abogadosenpolonia.pl\/wp-content\/uploads\/2026\/01\/details-300x300.jpg 300w, https:\/\/abogadosenpolonia.pl\/wp-content\/uploads\/2026\/01\/details-150x150.jpg 150w, https:\/\/abogadosenpolonia.pl\/wp-content\/uploads\/2026\/01\/details-768x768.jpg 768w, https:\/\/abogadosenpolonia.pl\/wp-content\/uploads\/2026\/01\/details-1536x1536.jpg 1536w, https:\/\/abogadosenpolonia.pl\/wp-content\/uploads\/2026\/01\/details-2048x2048.jpg 2048w\" sizes=\"(max-width: 800px) 100vw, 800px\" \/>\t\t\t\t\t\t\t\t\t\t\t\t\t\t\t<\/div>\n\t\t\t\t<\/div>\n\t\t<div class=\"elementor-element elementor-element-12ac05f e-con-full e-flex e-con e-child\" data-id=\"12ac05f\" data-element_type=\"container\">\n\t\t<div class=\"elementor-element elementor-element-263ba38 e-con-full e-flex e-con e-child\" data-id=\"263ba38\" data-element_type=\"container\">\n\t\t\t\t<div class=\"elementor-element elementor-element-90227b4 elementor-widget__width-initial elementor-widget-mobile__width-inherit elementor-widget elementor-widget-image\" data-id=\"90227b4\" data-element_type=\"widget\" data-widget_type=\"image.default\">\n\t\t\t\t\t\t\t\t\t\t\t\t\t\t\t<img decoding=\"async\" width=\"420\" height=\"424\" src=\"https:\/\/abogadosenpolonia.pl\/wp-content\/uploads\/2026\/01\/icon_51.png\" class=\"attachment-full size-full wp-image-163\" alt=\"\" srcset=\"https:\/\/abogadosenpolonia.pl\/wp-content\/uploads\/2026\/01\/icon_51.png 420w, https:\/\/abogadosenpolonia.pl\/wp-content\/uploads\/2026\/01\/icon_51-297x300.png 297w, https:\/\/abogadosenpolonia.pl\/wp-content\/uploads\/2026\/01\/icon_51-150x150.png 150w\" sizes=\"(max-width: 420px) 100vw, 420px\" \/>\t\t\t\t\t\t\t\t\t\t\t\t\t\t\t<\/div>\n\t\t\t\t<div class=\"elementor-element elementor-element-971d3a4 elementor-widget elementor-widget-heading\" data-id=\"971d3a4\" data-element_type=\"widget\" data-widget_type=\"heading.default\">\n\t\t\t\t\t<h2 class=\"elementor-heading-title elementor-size-default\">Numer NIP: 8943257981\n<\/h2>\t\t\t\t<\/div>\n\t\t\t\t<\/div>\n\t\t<div class=\"elementor-element elementor-element-b6bd376 e-con-full e-flex e-con e-child\" data-id=\"b6bd376\" data-element_type=\"container\">\n\t\t\t\t<div class=\"elementor-element elementor-element-16aa406 elementor-widget__width-initial elementor-widget-mobile__width-inherit elementor-widget elementor-widget-image\" data-id=\"16aa406\" data-element_type=\"widget\" data-widget_type=\"image.default\">\n\t\t\t\t\t\t\t\t\t\t\t\t\t\t\t<img decoding=\"async\" width=\"424\" height=\"424\" src=\"https:\/\/abogadosenpolonia.pl\/wp-content\/uploads\/2026\/01\/icon_52.png\" class=\"attachment-full size-full wp-image-164\" alt=\"\" srcset=\"https:\/\/abogadosenpolonia.pl\/wp-content\/uploads\/2026\/01\/icon_52.png 424w, https:\/\/abogadosenpolonia.pl\/wp-content\/uploads\/2026\/01\/icon_52-300x300.png 300w, https:\/\/abogadosenpolonia.pl\/wp-content\/uploads\/2026\/01\/icon_52-150x150.png 150w\" sizes=\"(max-width: 424px) 100vw, 424px\" \/>\t\t\t\t\t\t\t\t\t\t\t\t\t\t\t<\/div>\n\t\t\t\t<div class=\"elementor-element elementor-element-721687a elementor-widget elementor-widget-heading\" data-id=\"721687a\" data-element_type=\"widget\" data-widget_type=\"heading.default\">\n\t\t\t\t\t<h2 class=\"elementor-heading-title elementor-size-default\">Numer REGON: 541431528\n<\/h2>\t\t\t\t<\/div>\n\t\t\t\t<\/div>\n\t\t<div class=\"elementor-element elementor-element-4d523a5 e-con-full e-flex e-con e-child\" data-id=\"4d523a5\" data-element_type=\"container\">\n\t\t\t\t<div class=\"elementor-element elementor-element-dc751bc elementor-widget__width-initial elementor-widget-mobile__width-inherit elementor-widget elementor-widget-image\" data-id=\"dc751bc\" data-element_type=\"widget\" data-widget_type=\"image.default\">\n\t\t\t\t\t\t\t\t\t\t\t\t\t\t\t<img loading=\"lazy\" decoding=\"async\" width=\"428\" height=\"424\" src=\"https:\/\/abogadosenpolonia.pl\/wp-content\/uploads\/2026\/01\/icon_53.png\" class=\"attachment-full size-full wp-image-165\" alt=\"\" srcset=\"https:\/\/abogadosenpolonia.pl\/wp-content\/uploads\/2026\/01\/icon_53.png 428w, https:\/\/abogadosenpolonia.pl\/wp-content\/uploads\/2026\/01\/icon_53-300x297.png 300w, https:\/\/abogadosenpolonia.pl\/wp-content\/uploads\/2026\/01\/icon_53-150x150.png 150w\" sizes=\"(max-width: 428px) 100vw, 428px\" \/>\t\t\t\t\t\t\t\t\t\t\t\t\t\t\t<\/div>\n\t\t\t\t<div class=\"elementor-element elementor-element-baea305 elementor-widget elementor-widget-heading\" data-id=\"baea305\" data-element_type=\"widget\" data-widget_type=\"heading.default\">\n\t\t\t\t\t<h2 class=\"elementor-heading-title elementor-size-default\">82109024020000000164389384 \u2013 Santander Bank Polska S.A. [waluta PLN]<\/h2>\t\t\t\t<\/div>\n\t\t\t\t<\/div>\n\t\t<div class=\"elementor-element elementor-element-133d17b e-con-full e-flex e-con e-child\" data-id=\"133d17b\" data-element_type=\"container\">\n\t\t\t\t<div class=\"elementor-element elementor-element-693cf21 elementor-widget__width-initial elementor-widget-mobile__width-inherit elementor-widget elementor-widget-image\" data-id=\"693cf21\" data-element_type=\"widget\" data-widget_type=\"image.default\">\n\t\t\t\t\t\t\t\t\t\t\t\t\t\t\t<img loading=\"lazy\" decoding=\"async\" width=\"416\" height=\"416\" src=\"https:\/\/abogadosenpolonia.pl\/wp-content\/uploads\/2026\/01\/icon_54.png\" class=\"attachment-full size-full wp-image-166\" alt=\"\" srcset=\"https:\/\/abogadosenpolonia.pl\/wp-content\/uploads\/2026\/01\/icon_54.png 416w, https:\/\/abogadosenpolonia.pl\/wp-content\/uploads\/2026\/01\/icon_54-300x300.png 300w, https:\/\/abogadosenpolonia.pl\/wp-content\/uploads\/2026\/01\/icon_54-150x150.png 150w\" sizes=\"(max-width: 416px) 100vw, 416px\" \/>\t\t\t\t\t\t\t\t\t\t\t\t\t\t\t<\/div>\n\t\t\t\t<div class=\"elementor-element elementor-element-fd05bf0 elementor-widget elementor-widget-heading\" data-id=\"fd05bf0\" data-element_type=\"widget\" data-widget_type=\"heading.default\">\n\t\t\t\t\t<h2 class=\"elementor-heading-title elementor-size-default\">63109024020000000164473534 \u2013 Santander Bank Polska S.A. [waluta EUR]<\/h2>\t\t\t\t<\/div>\n\t\t\t\t<\/div>\n\t\t\t\t<\/div>\n\t\t\t\t<\/div>\n\t\t\t\t\t<\/div>\n\t\t\t\t<\/div>\n\t\t\t\t<\/div>","protected":false},"excerpt":{"rendered":"<p>Datos del despacho y n\u00fameros de cuentas bancarias KANCELARIA PRAWNA PATRYK GUTIERREZ \u2013 DESPACHO JUR\u00cdDICO PATRYK GUTIERREZ N\u00famero NIP: 8943257981 N\u00famero REGON: 541431528 82109024020000000164389384 \u2013 Santander Bank Polska S.A. [moneda PLN] 63109024020000000164473534 \u2013 Santander Bank Polska S.A. [moneda EUR]<\/p>","protected":false},"author":1,"featured_media":0,"parent":0,"menu_order":0,"comment_status":"closed","ping_status":"closed","template":"","meta":{"footnotes":""},"class_list":["post-87","page","type-page","status-publish","hentry"],"_links":{"self":[{"href":"https:\/\/abogadosenpolonia.pl\/pl\/wp-json\/wp\/v2\/pages\/87","targetHints":{"allow":["GET"]}}],"collection":[{"href":"https:\/\/abogadosenpolonia.pl\/pl\/wp-json\/wp\/v2\/pages"}],"about":[{"href":"https:\/\/abogadosenpolonia.pl\/pl\/wp-json\/wp\/v2\/types\/page"}],"author":[{"embeddable":true,"href":"https:\/\/abogadosenpolonia.pl\/pl\/wp-json\/wp\/v2\/users\/1"}],"replies":[{"embeddable":true,"href":"https:\/\/abogadosenpolonia.pl\/pl\/wp-json\/wp\/v2\/comments?post=87"}],"version-history":[{"count":16,"href":"https:\/\/abogadosenpolonia.pl\/pl\/wp-json\/wp\/v2\/pages\/87\/revisions"}],"predecessor-version":[{"id":293,"href":"https:\/\/abogadosenpolonia.pl\/pl\/wp-json\/wp\/v2\/pages\/87\/revisions\/293"}],"wp:attachment":[{"href":"https:\/\/abogadosenpolonia.pl\/pl\/wp-json\/wp\/v2\/media?parent=87"}],"curies":[{"name":"wp","href":"https:\/\/api.w.org\/{rel}","templated":true}]}}