{"id":78,"date":"2026-01-06T17:16:10","date_gmt":"2026-01-06T16:16:10","guid":{"rendered":"https:\/\/abogadosenpolonia.pl\/?page_id=78"},"modified":"2026-01-29T18:07:34","modified_gmt":"2026-01-29T17:07:34","slug":"immigration-protection","status":"publish","type":"page","link":"https:\/\/abogadosenpolonia.pl\/pl\/immigration-protection\/","title":{"rendered":"Immigration Protection"},"content":{"rendered":"<div data-elementor-type=\"wp-page\" data-elementor-id=\"78\" class=\"elementor elementor-78\" data-elementor-post-type=\"page\">\n\t\t\t\t<div class=\"elementor-element elementor-element-ec405a9 e-flex e-con-boxed e-con e-parent\" data-id=\"ec405a9\" data-element_type=\"container\" data-settings=\"{&quot;background_background&quot;:&quot;classic&quot;}\">\n\t\t\t\t\t<div class=\"e-con-inner\">\n\t\t\t\t<div class=\"elementor-element elementor-element-c41374a elementor-widget__width-initial elementor-widget-mobile__width-initial elementor-widget elementor-widget-heading\" data-id=\"c41374a\" data-element_type=\"widget\" data-widget_type=\"heading.default\">\n\t\t\t\t\t<h2 class=\"elementor-heading-title elementor-size-default\">Nielegalny pobyt cudzoziemca, udzielenie cudzoziemcowi ochrony mi\u0119dzynarodowej w Polsce<\/h2>\t\t\t\t<\/div>\n\t\t\t\t<div class=\"elementor-element elementor-element-249840f elementor-widget elementor-widget-image\" data-id=\"249840f\" data-element_type=\"widget\" data-widget_type=\"image.default\">\n\t\t\t\t\t\t\t\t\t\t\t\t\t\t\t<img fetchpriority=\"high\" decoding=\"async\" width=\"2560\" height=\"1708\" src=\"https:\/\/abogadosenpolonia.pl\/wp-content\/uploads\/2026\/01\/44444-scaled.jpg\" class=\"attachment-full size-full wp-image-203\" alt=\"\" srcset=\"https:\/\/abogadosenpolonia.pl\/wp-content\/uploads\/2026\/01\/44444-scaled.jpg 2560w, https:\/\/abogadosenpolonia.pl\/wp-content\/uploads\/2026\/01\/44444-300x200.jpg 300w, https:\/\/abogadosenpolonia.pl\/wp-content\/uploads\/2026\/01\/44444-1024x683.jpg 1024w, https:\/\/abogadosenpolonia.pl\/wp-content\/uploads\/2026\/01\/44444-768x513.jpg 768w, https:\/\/abogadosenpolonia.pl\/wp-content\/uploads\/2026\/01\/44444-1536x1025.jpg 1536w, https:\/\/abogadosenpolonia.pl\/wp-content\/uploads\/2026\/01\/44444-2048x1367.jpg 2048w\" sizes=\"(max-width: 2560px) 100vw, 2560px\" \/>\t\t\t\t\t\t\t\t\t\t\t\t\t\t\t<\/div>\n\t\t\t\t<div class=\"elementor-element elementor-element-865da95 elementor-widget elementor-widget-heading\" data-id=\"865da95\" data-element_type=\"widget\" data-widget_type=\"heading.default\">\n\t\t\t\t\t<h2 class=\"elementor-heading-title elementor-size-default\">Kompleksowe us\u0142ugi w zakresie doradztwa prawnego w sytuacji nielegalnego przebywania cudzoziemca w Polsce lub celem udzielenia jemu ochrony mi\u0119dzynarodowej, w tym pomoc prawna:<\/h2>\t\t\t\t<\/div>\n\t\t<div class=\"elementor-element elementor-element-f08d491 e-con-full e-flex e-con e-child\" data-id=\"f08d491\" data-element_type=\"container\" data-settings=\"{&quot;background_background&quot;:&quot;classic&quot;}\">\n\t\t<div class=\"elementor-element elementor-element-7cb6046 e-con-full e-flex e-con e-child\" data-id=\"7cb6046\" data-element_type=\"container\">\n\t\t\t\t<div class=\"elementor-element elementor-element-e4fe9ad elementor-widget elementor-widget-image\" data-id=\"e4fe9ad\" data-element_type=\"widget\" data-widget_type=\"image.default\">\n\t\t\t\t\t\t\t\t\t\t\t\t\t\t\t<img decoding=\"async\" width=\"800\" height=\"800\" src=\"https:\/\/abogadosenpolonia.pl\/wp-content\/uploads\/2026\/01\/3-1024x1024.jpg\" class=\"attachment-large size-large wp-image-53\" alt=\"\" srcset=\"https:\/\/abogadosenpolonia.pl\/wp-content\/uploads\/2026\/01\/3-1024x1024.jpg 1024w, https:\/\/abogadosenpolonia.pl\/wp-content\/uploads\/2026\/01\/3-300x300.jpg 300w, https:\/\/abogadosenpolonia.pl\/wp-content\/uploads\/2026\/01\/3-150x150.jpg 150w, https:\/\/abogadosenpolonia.pl\/wp-content\/uploads\/2026\/01\/3-768x768.jpg 768w, https:\/\/abogadosenpolonia.pl\/wp-content\/uploads\/2026\/01\/3.jpg 1080w\" sizes=\"(max-width: 800px) 100vw, 800px\" \/>\t\t\t\t\t\t\t\t\t\t\t\t\t\t\t<\/div>\n\t\t\t\t<\/div>\n\t\t<div class=\"elementor-element elementor-element-02e25f3 e-con-full e-flex e-con e-child\" data-id=\"02e25f3\" data-element_type=\"container\">\n\t\t<div class=\"elementor-element elementor-element-3c93dbb e-con-full e-flex e-con e-child\" data-id=\"3c93dbb\" data-element_type=\"container\">\n\t\t\t\t<div class=\"elementor-element elementor-element-cd2b6de elementor-widget__width-initial elementor-widget-mobile__width-inherit elementor-widget elementor-widget-image\" data-id=\"cd2b6de\" data-element_type=\"widget\" data-widget_type=\"image.default\">\n\t\t\t\t\t\t\t\t\t\t\t\t\t\t\t<img decoding=\"async\" width=\"420\" height=\"448\" src=\"https:\/\/abogadosenpolonia.pl\/wp-content\/uploads\/2026\/01\/234.png\" class=\"attachment-full size-full wp-image-223\" alt=\"\" srcset=\"https:\/\/abogadosenpolonia.pl\/wp-content\/uploads\/2026\/01\/234.png 420w, https:\/\/abogadosenpolonia.pl\/wp-content\/uploads\/2026\/01\/234-281x300.png 281w\" sizes=\"(max-width: 420px) 100vw, 420px\" \/>\t\t\t\t\t\t\t\t\t\t\t\t\t\t\t<\/div>\n\t\t\t\t<div class=\"elementor-element elementor-element-665c972 elementor-widget elementor-widget-heading\" data-id=\"665c972\" data-element_type=\"widget\" data-widget_type=\"heading.default\">\n\t\t\t\t\t<h2 class=\"elementor-heading-title elementor-size-default\">w legalizacji pobytu<\/h2>\t\t\t\t<\/div>\n\t\t\t\t<\/div>\n\t\t<div class=\"elementor-element elementor-element-ea80888 e-con-full e-flex e-con e-child\" data-id=\"ea80888\" data-element_type=\"container\">\n\t\t\t\t<div class=\"elementor-element elementor-element-d03d08b elementor-widget__width-initial elementor-widget-mobile__width-inherit elementor-widget elementor-widget-image\" data-id=\"d03d08b\" data-element_type=\"widget\" data-widget_type=\"image.default\">\n\t\t\t\t\t\t\t\t\t\t\t\t\t\t\t<img loading=\"lazy\" decoding=\"async\" width=\"460\" height=\"452\" src=\"https:\/\/abogadosenpolonia.pl\/wp-content\/uploads\/2026\/01\/356.png\" class=\"attachment-full size-full wp-image-224\" alt=\"\" srcset=\"https:\/\/abogadosenpolonia.pl\/wp-content\/uploads\/2026\/01\/356.png 460w, https:\/\/abogadosenpolonia.pl\/wp-content\/uploads\/2026\/01\/356-300x295.png 300w\" sizes=\"(max-width: 460px) 100vw, 460px\" \/>\t\t\t\t\t\t\t\t\t\t\t\t\t\t\t<\/div>\n\t\t\t\t<div class=\"elementor-element elementor-element-502a5ed elementor-widget elementor-widget-heading\" data-id=\"502a5ed\" data-element_type=\"widget\" data-widget_type=\"heading.default\">\n\t\t\t\t\t<h2 class=\"elementor-heading-title elementor-size-default\">w sporz\u0105dzeniu odwo\u0142ania od decyzji organu pierwszej instancji<\/h2>\t\t\t\t<\/div>\n\t\t\t\t<\/div>\n\t\t<div class=\"elementor-element elementor-element-5b37d3b e-con-full e-flex e-con e-child\" data-id=\"5b37d3b\" data-element_type=\"container\">\n\t\t\t\t<div class=\"elementor-element elementor-element-014d0a1 elementor-widget__width-initial elementor-widget-mobile__width-inherit elementor-widget elementor-widget-image\" data-id=\"014d0a1\" data-element_type=\"widget\" data-widget_type=\"image.default\">\n\t\t\t\t\t\t\t\t\t\t\t\t\t\t\t<img loading=\"lazy\" decoding=\"async\" width=\"428\" height=\"452\" src=\"https:\/\/abogadosenpolonia.pl\/wp-content\/uploads\/2026\/01\/897.png\" class=\"attachment-full size-full wp-image-225\" alt=\"\" srcset=\"https:\/\/abogadosenpolonia.pl\/wp-content\/uploads\/2026\/01\/897.png 428w, https:\/\/abogadosenpolonia.pl\/wp-content\/uploads\/2026\/01\/897-284x300.png 284w\" sizes=\"(max-width: 428px) 100vw, 428px\" \/>\t\t\t\t\t\t\t\t\t\t\t\t\t\t\t<\/div>\n\t\t\t\t<div class=\"elementor-element elementor-element-d891b50 elementor-widget elementor-widget-heading\" data-id=\"d891b50\" data-element_type=\"widget\" data-widget_type=\"heading.default\">\n\t\t\t\t\t<h2 class=\"elementor-heading-title elementor-size-default\">w sporz\u0105dzeniu skargi do wojew\u00f3dzkiego s\u0105du administracyjnego<\/h2>\t\t\t\t<\/div>\n\t\t\t\t<\/div>\n\t\t<div class=\"elementor-element elementor-element-f0b1945 e-con-full e-flex e-con e-child\" data-id=\"f0b1945\" data-element_type=\"container\">\n\t\t\t\t<div class=\"elementor-element elementor-element-b7359f3 elementor-widget__width-initial elementor-widget-mobile__width-inherit elementor-widget elementor-widget-image\" data-id=\"b7359f3\" data-element_type=\"widget\" data-widget_type=\"image.default\">\n\t\t\t\t\t\t\t\t\t\t\t\t\t\t\t<img loading=\"lazy\" decoding=\"async\" width=\"448\" height=\"448\" src=\"https:\/\/abogadosenpolonia.pl\/wp-content\/uploads\/2026\/01\/3456.png\" class=\"attachment-full size-full wp-image-226\" alt=\"\" srcset=\"https:\/\/abogadosenpolonia.pl\/wp-content\/uploads\/2026\/01\/3456.png 448w, https:\/\/abogadosenpolonia.pl\/wp-content\/uploads\/2026\/01\/3456-300x300.png 300w, https:\/\/abogadosenpolonia.pl\/wp-content\/uploads\/2026\/01\/3456-150x150.png 150w\" sizes=\"(max-width: 448px) 100vw, 448px\" \/>\t\t\t\t\t\t\t\t\t\t\t\t\t\t\t<\/div>\n\t\t\t\t<div class=\"elementor-element elementor-element-7f95d67 elementor-widget elementor-widget-heading\" data-id=\"7f95d67\" data-element_type=\"widget\" data-widget_type=\"heading.default\">\n\t\t\t\t\t<h2 class=\"elementor-heading-title elementor-size-default\">poprzez reprezentacj\u0119 klient\u00f3w przed organami administracji publicznej<\/h2>\t\t\t\t<\/div>\n\t\t\t\t<\/div>\n\t\t\t\t<\/div>\n\t\t\t\t<\/div>\n\t\t\t\t\t<\/div>\n\t\t\t\t<\/div>\n\t\t\t\t<\/div>","protected":false},"excerpt":{"rendered":"<p>Estancia ilegal de un extranjero, concesi\u00f3n de protecci\u00f3n internacional a un extranjero en Polonia Prestaci\u00f3n de asesoramiento jur\u00eddico integral en una situaci\u00f3n de estancia ilegal de un extranjero en Polonia o con vistas a la concesi\u00f3n de protecci\u00f3n internacional, incluida la asistencia jur\u00eddica: en la legalizaci\u00f3n de la estancia\u200b en la redacci\u00f3n de un recurso [&hellip;]<\/p>","protected":false},"author":1,"featured_media":0,"parent":0,"menu_order":0,"comment_status":"closed","ping_status":"closed","template":"","meta":{"footnotes":""},"class_list":["post-78","page","type-page","status-publish","hentry"],"_links":{"self":[{"href":"https:\/\/abogadosenpolonia.pl\/pl\/wp-json\/wp\/v2\/pages\/78","targetHints":{"allow":["GET"]}}],"collection":[{"href":"https:\/\/abogadosenpolonia.pl\/pl\/wp-json\/wp\/v2\/pages"}],"about":[{"href":"https:\/\/abogadosenpolonia.pl\/pl\/wp-json\/wp\/v2\/types\/page"}],"author":[{"embeddable":true,"href":"https:\/\/abogadosenpolonia.pl\/pl\/wp-json\/wp\/v2\/users\/1"}],"replies":[{"embeddable":true,"href":"https:\/\/abogadosenpolonia.pl\/pl\/wp-json\/wp\/v2\/comments?post=78"}],"version-history":[{"count":16,"href":"https:\/\/abogadosenpolonia.pl\/pl\/wp-json\/wp\/v2\/pages\/78\/revisions"}],"predecessor-version":[{"id":376,"href":"https:\/\/abogadosenpolonia.pl\/pl\/wp-json\/wp\/v2\/pages\/78\/revisions\/376"}],"wp:attachment":[{"href":"https:\/\/abogadosenpolonia.pl\/pl\/wp-json\/wp\/v2\/media?parent=78"}],"curies":[{"name":"wp","href":"https:\/\/api.w.org\/{rel}","templated":true}]}}