{"id":62,"date":"2026-01-06T16:26:01","date_gmt":"2026-01-06T15:26:01","guid":{"rendered":"https:\/\/abogadosenpolonia.pl\/?page_id=62"},"modified":"2026-01-29T18:05:04","modified_gmt":"2026-01-29T17:05:04","slug":"about","status":"publish","type":"page","link":"https:\/\/abogadosenpolonia.pl\/pl\/about\/","title":{"rendered":"About"},"content":{"rendered":"<div data-elementor-type=\"wp-page\" data-elementor-id=\"62\" class=\"elementor elementor-62\" data-elementor-post-type=\"page\">\n\t\t\t\t<div class=\"elementor-element elementor-element-9b3166c e-flex e-con-boxed e-con e-parent\" data-id=\"9b3166c\" data-element_type=\"container\" data-settings=\"{&quot;background_background&quot;:&quot;classic&quot;}\">\n\t\t\t\t\t<div class=\"e-con-inner\">\n\t\t<div class=\"elementor-element elementor-element-98f8ed2 e-con-full e-flex e-con e-child\" data-id=\"98f8ed2\" data-element_type=\"container\" data-settings=\"{&quot;background_background&quot;:&quot;classic&quot;}\">\n\t\t<div class=\"elementor-element elementor-element-d7ee9db e-con-full e-flex e-con e-child\" data-id=\"d7ee9db\" data-element_type=\"container\">\n\t\t\t\t<div class=\"elementor-element elementor-element-a1b977d elementor-widget elementor-widget-image\" data-id=\"a1b977d\" data-element_type=\"widget\" data-widget_type=\"image.default\">\n\t\t\t\t\t\t\t\t\t\t\t\t\t\t\t<img fetchpriority=\"high\" decoding=\"async\" width=\"1972\" height=\"2560\" src=\"https:\/\/abogadosenpolonia.pl\/wp-content\/uploads\/2026\/01\/about_1-scaled.jpg\" class=\"attachment-full size-full wp-image-277\" alt=\"\" srcset=\"https:\/\/abogadosenpolonia.pl\/wp-content\/uploads\/2026\/01\/about_1-scaled.jpg 1972w, https:\/\/abogadosenpolonia.pl\/wp-content\/uploads\/2026\/01\/about_1-231x300.jpg 231w, https:\/\/abogadosenpolonia.pl\/wp-content\/uploads\/2026\/01\/about_1-789x1024.jpg 789w, https:\/\/abogadosenpolonia.pl\/wp-content\/uploads\/2026\/01\/about_1-768x997.jpg 768w, https:\/\/abogadosenpolonia.pl\/wp-content\/uploads\/2026\/01\/about_1-1183x1536.jpg 1183w, https:\/\/abogadosenpolonia.pl\/wp-content\/uploads\/2026\/01\/about_1-1578x2048.jpg 1578w\" sizes=\"(max-width: 1972px) 100vw, 1972px\" \/>\t\t\t\t\t\t\t\t\t\t\t\t\t\t\t<\/div>\n\t\t\t\t<\/div>\n\t\t<div class=\"elementor-element elementor-element-642c8a2 e-con-full e-flex e-con e-child\" data-id=\"642c8a2\" data-element_type=\"container\">\n\t\t\t\t<div class=\"elementor-element elementor-element-65e47f4 elementor-widget elementor-widget-image\" data-id=\"65e47f4\" data-element_type=\"widget\" data-widget_type=\"image.default\">\n\t\t\t\t\t\t\t\t\t\t\t\t\t\t\t<img decoding=\"async\" width=\"620\" height=\"564\" src=\"https:\/\/abogadosenpolonia.pl\/wp-content\/uploads\/2026\/01\/logo_5.png\" class=\"attachment-full size-full wp-image-65\" alt=\"\" srcset=\"https:\/\/abogadosenpolonia.pl\/wp-content\/uploads\/2026\/01\/logo_5.png 620w, https:\/\/abogadosenpolonia.pl\/wp-content\/uploads\/2026\/01\/logo_5-300x273.png 300w\" sizes=\"(max-width: 620px) 100vw, 620px\" \/>\t\t\t\t\t\t\t\t\t\t\t\t\t\t\t<\/div>\n\t\t\t\t<div class=\"elementor-element elementor-element-8946a71 elementor-widget elementor-widget-heading\" data-id=\"8946a71\" data-element_type=\"widget\" data-widget_type=\"heading.default\">\n\t\t\t\t\t<h2 class=\"elementor-heading-title elementor-size-default\">Dr Patryk Gutierrez<\/h2>\t\t\t\t<\/div>\n\t\t\t\t<div class=\"elementor-element elementor-element-a2b6c09 elementor-widget elementor-widget-text-editor\" data-id=\"a2b6c09\" data-element_type=\"widget\" data-widget_type=\"text-editor.default\">\n\t\t\t\t\t\t\t\t\t<div class=\"page\" title=\"Page 1\"><div class=\"layoutArea\"><div class=\"column\"><p>Posiada tytu\u0142 doktora nauk prawnych i jest mediatorem w Centrum Mediacji Okr\u0119gowej Izby Radc\u00f3w Prawnych we Wroc\u0142awiu. Autor licznych publikacji naukowych oraz prelegent na mi\u0119dzynarodowych i zagranicznych konferencjach naukowych.<\/p><p>Uko\u0144czy\u0142 studia prawnicze na Wydziale Prawa, Administracji i Ekonomii Uniwersytetu Wroc\u0142awskiego. Kwalifikacje zawodowe rozwija\u0142 w Polsce i Hiszpanii.<\/p><p>Wsp\u00f3\u0142pracuje z adwokatami i radcami prawnymi z Polski, a tak\u017ce z prawnikami z Hiszpanii i kraj\u00f3w Ameryki \u0141aci\u0144skiej \u2013 w szczeg\u00f3lno\u015bci z Kolumbii i Peru.<\/p><p>Obs\u0142uga prawna \u015bwiadczona jest w j\u0119zyku polskim, angielskim i hiszpa\u0144skim.<\/p><\/div><\/div><\/div>\t\t\t\t\t\t\t\t<\/div>\n\t\t\t\t<\/div>\n\t\t\t\t<\/div>\n\t\t\t\t\t<\/div>\n\t\t\t\t<\/div>\n\t\t<div class=\"elementor-element elementor-element-b0d9b01 e-flex e-con-boxed e-con e-parent\" data-id=\"b0d9b01\" data-element_type=\"container\" data-settings=\"{&quot;background_background&quot;:&quot;classic&quot;}\">\n\t\t\t\t\t<div class=\"e-con-inner\">\n\t\t\t\t<div class=\"elementor-element elementor-element-0555fab elementor-widget elementor-widget-heading\" data-id=\"0555fab\" data-element_type=\"widget\" data-widget_type=\"heading.default\">\n\t\t\t\t\t<h2 class=\"elementor-heading-title elementor-size-default\">Do\u015bwiadczenie w dziedzinie prawa imigracyjnego<\/h2>\t\t\t\t<\/div>\n\t\t\t\t<div class=\"elementor-element elementor-element-b74cc5d elementor-widget elementor-widget-image\" data-id=\"b74cc5d\" data-element_type=\"widget\" data-widget_type=\"image.default\">\n\t\t\t\t\t\t\t\t\t\t\t\t\t\t\t<img decoding=\"async\" width=\"2560\" height=\"853\" src=\"https:\/\/abogadosenpolonia.pl\/wp-content\/uploads\/2026\/01\/about_2-scaled.jpg\" class=\"attachment-full size-full wp-image-278\" alt=\"\" srcset=\"https:\/\/abogadosenpolonia.pl\/wp-content\/uploads\/2026\/01\/about_2-scaled.jpg 2560w, https:\/\/abogadosenpolonia.pl\/wp-content\/uploads\/2026\/01\/about_2-300x100.jpg 300w, https:\/\/abogadosenpolonia.pl\/wp-content\/uploads\/2026\/01\/about_2-1024x341.jpg 1024w, https:\/\/abogadosenpolonia.pl\/wp-content\/uploads\/2026\/01\/about_2-768x256.jpg 768w, https:\/\/abogadosenpolonia.pl\/wp-content\/uploads\/2026\/01\/about_2-1536x512.jpg 1536w, https:\/\/abogadosenpolonia.pl\/wp-content\/uploads\/2026\/01\/about_2-2048x683.jpg 2048w\" sizes=\"(max-width: 2560px) 100vw, 2560px\" \/>\t\t\t\t\t\t\t\t\t\t\t\t\t\t\t<\/div>\n\t\t<div class=\"elementor-element elementor-element-80479dc e-con-full e-flex e-con e-child\" data-id=\"80479dc\" data-element_type=\"container\">\n\t\t<div class=\"elementor-element elementor-element-50dc962 e-con-full e-flex e-con e-child\" data-id=\"50dc962\" data-element_type=\"container\" data-settings=\"{&quot;background_background&quot;:&quot;classic&quot;}\">\n\t\t\t\t<div class=\"elementor-element elementor-element-360256e elementor-widget elementor-widget-image\" data-id=\"360256e\" data-element_type=\"widget\" data-widget_type=\"image.default\">\n\t\t\t\t\t\t\t\t\t\t\t\t\t\t\t<img loading=\"lazy\" decoding=\"async\" width=\"476\" height=\"472\" src=\"https:\/\/abogadosenpolonia.pl\/wp-content\/uploads\/2026\/01\/icon_11.png\" class=\"attachment-full size-full wp-image-67\" alt=\"\" srcset=\"https:\/\/abogadosenpolonia.pl\/wp-content\/uploads\/2026\/01\/icon_11.png 476w, https:\/\/abogadosenpolonia.pl\/wp-content\/uploads\/2026\/01\/icon_11-300x297.png 300w, https:\/\/abogadosenpolonia.pl\/wp-content\/uploads\/2026\/01\/icon_11-150x150.png 150w\" sizes=\"(max-width: 476px) 100vw, 476px\" \/>\t\t\t\t\t\t\t\t\t\t\t\t\t\t\t<\/div>\n\t\t\t\t<div class=\"elementor-element elementor-element-011e50c elementor-widget elementor-widget-heading\" data-id=\"011e50c\" data-element_type=\"widget\" data-widget_type=\"heading.default\">\n\t\t\t\t\t<h2 class=\"elementor-heading-title elementor-size-default\">Do\u015bwiadczenie w zakresie prawa imigracyjnego zdobywa\u0142 podczas sta\u017cu w kancelarii prawnej w Hiszpanii. \u015awiadczy\u0142 r\u00f3wnie\u017c nieodp\u0142atn\u0105 pomoc prawn\u0105 studentom zagranicznym i doktorantom na Uniwersytecie Wroc\u0142awskim.<\/h2>\t\t\t\t<\/div>\n\t\t\t\t<\/div>\n\t\t<div class=\"elementor-element elementor-element-784bb91 e-con-full e-flex e-con e-child\" data-id=\"784bb91\" data-element_type=\"container\" data-settings=\"{&quot;background_background&quot;:&quot;classic&quot;}\">\n\t\t\t\t<div class=\"elementor-element elementor-element-a0da9c6 elementor-widget elementor-widget-image\" data-id=\"a0da9c6\" data-element_type=\"widget\" data-widget_type=\"image.default\">\n\t\t\t\t\t\t\t\t\t\t\t\t\t\t\t<img loading=\"lazy\" decoding=\"async\" width=\"336\" height=\"336\" src=\"https:\/\/abogadosenpolonia.pl\/wp-content\/uploads\/2026\/01\/icon_22.png\" class=\"attachment-full size-full wp-image-68\" alt=\"\" srcset=\"https:\/\/abogadosenpolonia.pl\/wp-content\/uploads\/2026\/01\/icon_22.png 336w, https:\/\/abogadosenpolonia.pl\/wp-content\/uploads\/2026\/01\/icon_22-300x300.png 300w, https:\/\/abogadosenpolonia.pl\/wp-content\/uploads\/2026\/01\/icon_22-150x150.png 150w\" sizes=\"(max-width: 336px) 100vw, 336px\" \/>\t\t\t\t\t\t\t\t\t\t\t\t\t\t\t<\/div>\n\t\t\t\t<div class=\"elementor-element elementor-element-490c9f2 elementor-widget elementor-widget-heading\" data-id=\"490c9f2\" data-element_type=\"widget\" data-widget_type=\"heading.default\">\n\t\t\t\t\t<h2 class=\"elementor-heading-title elementor-size-default\">Nast\u0119pnie rozwija\u0142 do\u015bwiadczenie praktyczne, pracuj\u0105c jako inspektor wojew\u00f3dzki ds. cudzoziemc\u00f3w, gdzie prowadzi\u0142 post\u0119powania administracyjne w zakresie legalizacji pobytu i zatrudnienia cudzoziemc\u00f3w w Polsce. \u015awiadczy\u0142 r\u00f3wnie\u017c us\u0142ugi dla Stra\u017cy Granicznej w sprawach zwi\u0105zanych ze zobowi\u0105zaniem cudzoziemc\u00f3w do powrotu.<\/h2>\t\t\t\t<\/div>\n\t\t\t\t<\/div>\n\t\t\t\t<\/div>\n\t\t\t\t\t<\/div>\n\t\t\t\t<\/div>\n\t\t\t\t<\/div>","protected":false},"excerpt":{"rendered":"<p>Dr Patryk Gutierrez octor en Derecho y mediador en el Centro de Mediacio\u0301n del Colegio Regional de Asesores Juri\u0301dicos de Wroc\u0142aw. Autor de numerosas publicaciones acade\u0301micas y ponente en congresos cienti\u0301ficos internacionales y extranjeros. Finalizo\u0301 sus estudios de Derecho en la Facultad de Derecho, Administracio\u0301n y Economi\u0301a de la Universidad de Wroc\u0142aw. Ha desarrollado su [&hellip;]<\/p>","protected":false},"author":1,"featured_media":0,"parent":0,"menu_order":0,"comment_status":"closed","ping_status":"closed","template":"elementor_header_footer","meta":{"footnotes":""},"class_list":["post-62","page","type-page","status-publish","hentry"],"_links":{"self":[{"href":"https:\/\/abogadosenpolonia.pl\/pl\/wp-json\/wp\/v2\/pages\/62","targetHints":{"allow":["GET"]}}],"collection":[{"href":"https:\/\/abogadosenpolonia.pl\/pl\/wp-json\/wp\/v2\/pages"}],"about":[{"href":"https:\/\/abogadosenpolonia.pl\/pl\/wp-json\/wp\/v2\/types\/page"}],"author":[{"embeddable":true,"href":"https:\/\/abogadosenpolonia.pl\/pl\/wp-json\/wp\/v2\/users\/1"}],"replies":[{"embeddable":true,"href":"https:\/\/abogadosenpolonia.pl\/pl\/wp-json\/wp\/v2\/comments?post=62"}],"version-history":[{"count":16,"href":"https:\/\/abogadosenpolonia.pl\/pl\/wp-json\/wp\/v2\/pages\/62\/revisions"}],"predecessor-version":[{"id":370,"href":"https:\/\/abogadosenpolonia.pl\/pl\/wp-json\/wp\/v2\/pages\/62\/revisions\/370"}],"wp:attachment":[{"href":"https:\/\/abogadosenpolonia.pl\/pl\/wp-json\/wp\/v2\/media?parent=62"}],"curies":[{"name":"wp","href":"https:\/\/api.w.org\/{rel}","templated":true}]}}