{"id":13,"date":"2025-11-24T14:28:34","date_gmt":"2025-11-24T13:28:34","guid":{"rendered":"http:\/\/abogadosenpolonia.pl\/?page_id=13"},"modified":"2026-01-09T14:49:18","modified_gmt":"2026-01-09T13:49:18","slug":"home","status":"publish","type":"page","link":"https:\/\/abogadosenpolonia.pl\/pl\/","title":{"rendered":"Home"},"content":{"rendered":"<div data-elementor-type=\"wp-page\" data-elementor-id=\"13\" class=\"elementor elementor-13\" data-elementor-post-type=\"page\">\n\t\t\t\t<div class=\"elementor-element elementor-element-4c8415c e-flex e-con-boxed e-con e-parent\" data-id=\"4c8415c\" data-element_type=\"container\" data-settings=\"{&quot;background_background&quot;:&quot;classic&quot;}\">\n\t\t\t\t\t<div class=\"e-con-inner\">\n\t\t<div class=\"elementor-element elementor-element-ff8b573 e-con-full e-flex e-con e-child\" data-id=\"ff8b573\" data-element_type=\"container\" data-settings=\"{&quot;background_background&quot;:&quot;classic&quot;}\">\n\t\t\t\t<div class=\"elementor-element elementor-element-716abad elementor-widget elementor-widget-heading\" data-id=\"716abad\" data-element_type=\"widget\" data-widget_type=\"heading.default\">\n\t\t\t\t\t<h1 class=\"elementor-heading-title elementor-size-default\">KANCELARIA PRAWNA PATRYKA GUTIERREZA<\/h1>\t\t\t\t<\/div>\n\t\t\t\t<div class=\"elementor-element elementor-element-557404d elementor-widget elementor-widget-heading\" data-id=\"557404d\" data-element_type=\"widget\" data-widget_type=\"heading.default\">\n\t\t\t\t\t<h4 class=\"elementor-heading-title elementor-size-default\">Specjalizujemy si\u0119 w \u015bwiadczeniu us\u0142ug prawnych<\/h4>\t\t\t\t<\/div>\n\t\t\t\t<div class=\"elementor-element elementor-element-4f6df22 elementor-widget elementor-widget-button\" data-id=\"4f6df22\" data-element_type=\"widget\" data-widget_type=\"button.default\">\n\t\t\t\t\t\t\t\t\t\t<a class=\"elementor-button elementor-button-link elementor-size-sm\" href=\"https:\/\/abogadosenpolonia.pl\/?page_id=101\">\n\t\t\t\t\t\t<span class=\"elementor-button-content-wrapper\">\n\t\t\t\t\t\t\t\t\t<span class=\"elementor-button-text\">Kontakt<\/span>\n\t\t\t\t\t<\/span>\n\t\t\t\t\t<\/a>\n\t\t\t\t\t\t\t\t<\/div>\n\t\t\t\t<\/div>\n\t\t<div class=\"elementor-element elementor-element-151a838 e-con-full e-flex e-con e-child\" data-id=\"151a838\" data-element_type=\"container\">\n\t\t\t\t<div class=\"elementor-element elementor-element-2063e4f elementor-widget elementor-widget-image\" data-id=\"2063e4f\" data-element_type=\"widget\" data-widget_type=\"image.default\">\n\t\t\t\t\t\t\t\t\t\t\t\t\t\t\t<img fetchpriority=\"high\" decoding=\"async\" width=\"2011\" height=\"2560\" src=\"https:\/\/abogadosenpolonia.pl\/wp-content\/uploads\/2026\/01\/image_1-scaled.png\" class=\"attachment-full size-full wp-image-66\" alt=\"\" srcset=\"https:\/\/abogadosenpolonia.pl\/wp-content\/uploads\/2026\/01\/image_1-scaled.png 2011w, https:\/\/abogadosenpolonia.pl\/wp-content\/uploads\/2026\/01\/image_1-236x300.png 236w, https:\/\/abogadosenpolonia.pl\/wp-content\/uploads\/2026\/01\/image_1-804x1024.png 804w, https:\/\/abogadosenpolonia.pl\/wp-content\/uploads\/2026\/01\/image_1-768x978.png 768w, https:\/\/abogadosenpolonia.pl\/wp-content\/uploads\/2026\/01\/image_1-1206x1536.png 1206w, https:\/\/abogadosenpolonia.pl\/wp-content\/uploads\/2026\/01\/image_1-1608x2048.png 1608w\" sizes=\"(max-width: 2011px) 100vw, 2011px\" \/>\t\t\t\t\t\t\t\t\t\t\t\t\t\t\t<\/div>\n\t\t\t\t<\/div>\n\t\t\t\t\t<\/div>\n\t\t\t\t<\/div>\n\t\t<div class=\"elementor-element elementor-element-46328d1 e-flex e-con-boxed e-con e-parent\" data-id=\"46328d1\" data-element_type=\"container\" data-settings=\"{&quot;background_background&quot;:&quot;classic&quot;}\">\n\t\t\t\t\t<div class=\"e-con-inner\">\n\t\t<div class=\"elementor-element elementor-element-2401103 e-con-full e-flex e-con e-child\" data-id=\"2401103\" data-element_type=\"container\" data-settings=\"{&quot;background_background&quot;:&quot;classic&quot;}\">\n\t\t<div class=\"elementor-element elementor-element-bb1b699 e-con-full e-flex e-con e-child\" data-id=\"bb1b699\" data-element_type=\"container\">\n\t\t\t\t<div class=\"elementor-element elementor-element-8034f82 elementor-widget elementor-widget-image\" data-id=\"8034f82\" data-element_type=\"widget\" data-widget_type=\"image.default\">\n\t\t\t\t\t\t\t\t\t\t\t\t\t\t\t<img decoding=\"async\" width=\"524\" height=\"524\" src=\"https:\/\/abogadosenpolonia.pl\/wp-content\/uploads\/2026\/01\/icon_1.png\" class=\"attachment-full size-full wp-image-47\" alt=\"\" srcset=\"https:\/\/abogadosenpolonia.pl\/wp-content\/uploads\/2026\/01\/icon_1.png 524w, https:\/\/abogadosenpolonia.pl\/wp-content\/uploads\/2026\/01\/icon_1-300x300.png 300w, https:\/\/abogadosenpolonia.pl\/wp-content\/uploads\/2026\/01\/icon_1-150x150.png 150w, https:\/\/abogadosenpolonia.pl\/wp-content\/uploads\/2026\/01\/elementor\/thumbs\/icon_1-rh9cvub8jgdhmm7tch1r9tsri8jk6rg26y0kkn36c0.png 200w, https:\/\/abogadosenpolonia.pl\/wp-content\/uploads\/2026\/01\/elementor\/thumbs\/icon_1-rh9cvub7bll20m22xk6l5qyegwbxj08cb5fef8lyaw.png 100w\" sizes=\"(max-width: 524px) 100vw, 524px\" \/>\t\t\t\t\t\t\t\t\t\t\t\t\t\t\t<\/div>\n\t\t\t\t<\/div>\n\t\t<div class=\"elementor-element elementor-element-e759edb e-con-full e-flex e-con e-child\" data-id=\"e759edb\" data-element_type=\"container\">\n\t\t\t\t<div class=\"elementor-element elementor-element-53cc8d0 elementor-widget elementor-widget-heading\" data-id=\"53cc8d0\" data-element_type=\"widget\" data-widget_type=\"heading.default\">\n\t\t\t\t\t<h2 class=\"elementor-heading-title elementor-size-default\">hiszpa\u0144skoj\u0119zycznych os\u00f3b w Polsce\n<\/h2>\t\t\t\t<\/div>\n\t\t\t\t<\/div>\n\t\t\t\t<\/div>\n\t\t<div class=\"elementor-element elementor-element-745405b e-con-full e-flex e-con e-child\" data-id=\"745405b\" data-element_type=\"container\" data-settings=\"{&quot;background_background&quot;:&quot;classic&quot;}\">\n\t\t<div class=\"elementor-element elementor-element-5e29d39 e-con-full e-flex e-con e-child\" data-id=\"5e29d39\" data-element_type=\"container\">\n\t\t\t\t<div class=\"elementor-element elementor-element-c57c329 elementor-widget elementor-widget-image\" data-id=\"c57c329\" data-element_type=\"widget\" data-widget_type=\"image.default\">\n\t\t\t\t\t\t\t\t\t\t\t\t\t\t\t<img decoding=\"async\" width=\"532\" height=\"532\" src=\"https:\/\/abogadosenpolonia.pl\/wp-content\/uploads\/2026\/01\/icon_2.png\" class=\"attachment-full size-full wp-image-57\" alt=\"\" srcset=\"https:\/\/abogadosenpolonia.pl\/wp-content\/uploads\/2026\/01\/icon_2.png 532w, https:\/\/abogadosenpolonia.pl\/wp-content\/uploads\/2026\/01\/icon_2-300x300.png 300w, https:\/\/abogadosenpolonia.pl\/wp-content\/uploads\/2026\/01\/icon_2-150x150.png 150w, https:\/\/abogadosenpolonia.pl\/wp-content\/uploads\/2026\/01\/elementor\/thumbs\/icon_2-rh9dmzvcrar9f2m4daql6w9s9mhnw816pjwdj0cijs.png 100w\" sizes=\"(max-width: 532px) 100vw, 532px\" \/>\t\t\t\t\t\t\t\t\t\t\t\t\t\t\t<\/div>\n\t\t\t\t<\/div>\n\t\t<div class=\"elementor-element elementor-element-534afe5 e-con-full e-flex e-con e-child\" data-id=\"534afe5\" data-element_type=\"container\">\n\t\t\t\t<div class=\"elementor-element elementor-element-58d8262 elementor-widget elementor-widget-heading\" data-id=\"58d8262\" data-element_type=\"widget\" data-widget_type=\"heading.default\">\n\t\t\t\t\t<h2 class=\"elementor-heading-title elementor-size-default\">polskoj\u0119zycznych os\u00f3b w Hiszpanii oraz w pa\u0144stwach obszaru Ameryki \u0141aci\u0144skiej.<\/h2>\t\t\t\t<\/div>\n\t\t\t\t<\/div>\n\t\t\t\t<\/div>\n\t\t\t\t\t<\/div>\n\t\t\t\t<\/div>\n\t\t<div class=\"elementor-element elementor-element-0c073ee e-flex e-con-boxed e-con e-parent\" data-id=\"0c073ee\" data-element_type=\"container\" data-settings=\"{&quot;background_background&quot;:&quot;classic&quot;}\">\n\t\t\t\t\t<div class=\"e-con-inner\">\n\t\t\t\t<div class=\"elementor-element elementor-element-964b719 elementor-widget elementor-widget-heading\" data-id=\"964b719\" data-element_type=\"widget\" data-widget_type=\"heading.default\">\n\t\t\t\t\t<h2 class=\"elementor-heading-title elementor-size-default\">Zakres us\u0142ug<\/h2>\t\t\t\t<\/div>\n\t\t<div class=\"elementor-element elementor-element-a5f90d4 e-con-full e-flex e-con e-child\" data-id=\"a5f90d4\" data-element_type=\"container\" data-settings=\"{&quot;background_background&quot;:&quot;classic&quot;}\">\n\t\t<div class=\"elementor-element elementor-element-78600ba e-con-full e-flex e-con e-child\" data-id=\"78600ba\" data-element_type=\"container\">\n\t\t\t\t<div class=\"elementor-element elementor-element-ffe6c64 elementor-widget elementor-widget-image\" data-id=\"ffe6c64\" data-element_type=\"widget\" data-widget_type=\"image.default\">\n\t\t\t\t\t\t\t\t\t\t\t\t\t\t\t<img loading=\"lazy\" decoding=\"async\" width=\"800\" height=\"800\" src=\"https:\/\/abogadosenpolonia.pl\/wp-content\/uploads\/2026\/01\/home_1-1024x1024.jpg\" class=\"attachment-large size-large wp-image-282\" alt=\"\" srcset=\"https:\/\/abogadosenpolonia.pl\/wp-content\/uploads\/2026\/01\/home_1-1024x1024.jpg 1024w, https:\/\/abogadosenpolonia.pl\/wp-content\/uploads\/2026\/01\/home_1-300x300.jpg 300w, https:\/\/abogadosenpolonia.pl\/wp-content\/uploads\/2026\/01\/home_1-150x150.jpg 150w, https:\/\/abogadosenpolonia.pl\/wp-content\/uploads\/2026\/01\/home_1-768x768.jpg 768w, https:\/\/abogadosenpolonia.pl\/wp-content\/uploads\/2026\/01\/home_1-1536x1536.jpg 1536w, https:\/\/abogadosenpolonia.pl\/wp-content\/uploads\/2026\/01\/home_1-2048x2048.jpg 2048w\" sizes=\"(max-width: 800px) 100vw, 800px\" \/>\t\t\t\t\t\t\t\t\t\t\t\t\t\t\t<\/div>\n\t\t\t\t<\/div>\n\t\t<div class=\"elementor-element elementor-element-b7de906 e-con-full e-flex e-con e-child\" data-id=\"b7de906\" data-element_type=\"container\">\n\t\t<div class=\"elementor-element elementor-element-a9daf43 e-con-full e-flex e-con e-child\" data-id=\"a9daf43\" data-element_type=\"container\">\n\t\t\t\t<div class=\"elementor-element elementor-element-f730d57 elementor-widget__width-initial elementor-widget-mobile__width-inherit elementor-widget elementor-widget-image\" data-id=\"f730d57\" data-element_type=\"widget\" data-widget_type=\"image.default\">\n\t\t\t\t\t\t\t\t\t\t\t\t\t\t\t<img loading=\"lazy\" decoding=\"async\" width=\"888\" height=\"888\" src=\"https:\/\/abogadosenpolonia.pl\/wp-content\/uploads\/2026\/01\/icon_3.png\" class=\"attachment-full size-full wp-image-49\" alt=\"\" srcset=\"https:\/\/abogadosenpolonia.pl\/wp-content\/uploads\/2026\/01\/icon_3.png 888w, https:\/\/abogadosenpolonia.pl\/wp-content\/uploads\/2026\/01\/icon_3-300x300.png 300w, https:\/\/abogadosenpolonia.pl\/wp-content\/uploads\/2026\/01\/elementor\/thumbs\/icon_3-rh9d5bimudycw2dbsm3quw9wmfpzh0grjyj8pdsnks.png 150w, https:\/\/abogadosenpolonia.pl\/wp-content\/uploads\/2026\/01\/icon_3-768x768.png 768w, https:\/\/abogadosenpolonia.pl\/wp-content\/uploads\/2026\/01\/elementor\/thumbs\/icon_3-rh9d5bim8gk532agl5o5suuq3rm654uwm28nmok1k8.png 100w\" sizes=\"(max-width: 888px) 100vw, 888px\" \/>\t\t\t\t\t\t\t\t\t\t\t\t\t\t\t<\/div>\n\t\t\t\t<div class=\"elementor-element elementor-element-bfa113f elementor-widget elementor-widget-heading\" data-id=\"bfa113f\" data-element_type=\"widget\" data-widget_type=\"heading.default\">\n\t\t\t\t\t<h2 class=\"elementor-heading-title elementor-size-default\">Zapraszam do zapoznania si\u0119 z ofert\u0105 KANCELARII PRAWNEJ PATRYK GUTIERREZ specjalizuj\u0105cej si\u0119 w obs\u0142udze prawnej spraw w Polsce i w Hiszpanii oraz w pa\u0144stwach obszaru Ameryki \u0141aci\u0144skiej.<\/h2>\t\t\t\t<\/div>\n\t\t\t\t<\/div>\n\t\t<div class=\"elementor-element elementor-element-7fadd77 e-con-full e-flex e-con e-child\" data-id=\"7fadd77\" data-element_type=\"container\">\n\t\t\t\t<div class=\"elementor-element elementor-element-88a722d elementor-widget__width-initial elementor-widget-mobile__width-inherit elementor-widget elementor-widget-image\" data-id=\"88a722d\" data-element_type=\"widget\" data-widget_type=\"image.default\">\n\t\t\t\t\t\t\t\t\t\t\t\t\t\t\t<img loading=\"lazy\" decoding=\"async\" width=\"888\" height=\"888\" src=\"https:\/\/abogadosenpolonia.pl\/wp-content\/uploads\/2026\/01\/icon_4.png\" class=\"attachment-full size-full wp-image-51\" alt=\"\" srcset=\"https:\/\/abogadosenpolonia.pl\/wp-content\/uploads\/2026\/01\/icon_4.png 888w, https:\/\/abogadosenpolonia.pl\/wp-content\/uploads\/2026\/01\/icon_4-300x300.png 300w, https:\/\/abogadosenpolonia.pl\/wp-content\/uploads\/2026\/01\/elementor\/thumbs\/icon_4-rh9dffa6b9sbp5oxshcd5uhaijx17vkvxz05fgtaos.png 150w, https:\/\/abogadosenpolonia.pl\/wp-content\/uploads\/2026\/01\/icon_4-768x768.png 768w, https:\/\/abogadosenpolonia.pl\/wp-content\/uploads\/2026\/01\/elementor\/thumbs\/icon_4-rh9dffa5pce3w5m2l0ws3t23zvt7vzz102pkcrkoo8.png 100w\" sizes=\"(max-width: 888px) 100vw, 888px\" \/>\t\t\t\t\t\t\t\t\t\t\t\t\t\t\t<\/div>\n\t\t\t\t<div class=\"elementor-element elementor-element-693c2b3 elementor-widget elementor-widget-heading\" data-id=\"693c2b3\" data-element_type=\"widget\" data-widget_type=\"heading.default\">\n\t\t\t\t\t<h2 class=\"elementor-heading-title elementor-size-default\">Pomoc prawna w Polsce \u015bwiadczona jest przeze mnie lub we wsp\u00f3\u0142pracy z adwokatami, radcami prawnymi.<\/h2>\t\t\t\t<\/div>\n\t\t\t\t<\/div>\n\t\t<div class=\"elementor-element elementor-element-1e9b8dc e-con-full e-flex e-con e-child\" data-id=\"1e9b8dc\" data-element_type=\"container\">\n\t\t\t\t<div class=\"elementor-element elementor-element-f8bdb6e elementor-widget__width-initial elementor-widget-mobile__width-inherit elementor-widget elementor-widget-image\" data-id=\"f8bdb6e\" data-element_type=\"widget\" data-widget_type=\"image.default\">\n\t\t\t\t\t\t\t\t\t\t\t\t\t\t\t<img loading=\"lazy\" decoding=\"async\" width=\"820\" height=\"888\" src=\"https:\/\/abogadosenpolonia.pl\/wp-content\/uploads\/2026\/01\/icon_5.png\" class=\"attachment-full size-full wp-image-50\" alt=\"\" srcset=\"https:\/\/abogadosenpolonia.pl\/wp-content\/uploads\/2026\/01\/icon_5.png 820w, https:\/\/abogadosenpolonia.pl\/wp-content\/uploads\/2026\/01\/icon_5-277x300.png 277w, https:\/\/abogadosenpolonia.pl\/wp-content\/uploads\/2026\/01\/icon_5-768x832.png 768w\" sizes=\"(max-width: 820px) 100vw, 820px\" \/>\t\t\t\t\t\t\t\t\t\t\t\t\t\t\t<\/div>\n\t\t\t\t<div class=\"elementor-element elementor-element-5a58db7 elementor-widget elementor-widget-heading\" data-id=\"5a58db7\" data-element_type=\"widget\" data-widget_type=\"heading.default\">\n\t\t\t\t\t<h2 class=\"elementor-heading-title elementor-size-default\">Pomoc prawna za granic\u0105 \u015bwiadczona jest we wsp\u00f3\u0142pracy z adwokatami hiszpa\u0144skoj\u0119zycznymi i angloj\u0119zycznymi.\n<\/h2>\t\t\t\t<\/div>\n\t\t\t\t<\/div>\n\t\t\t\t<\/div>\n\t\t\t\t<\/div>\n\t\t\t\t\t<\/div>\n\t\t\t\t<\/div>\n\t\t\t\t<\/div>","protected":false},"excerpt":{"rendered":"<p>DESPACHO JUR\u00cdDICO PATRYK GUTIERREZ Especializado en la prestaci\u00f3n de servicios jur\u00eddicos Contacto Personas de habla espa\u00f1ola en Polonia Personas de habla polaca en Espa\u00f1a y en los pa\u00edses de Am\u00e9rica Latina. \u00c1mbito de servicios Le invito a conocer la oferta del DESPACHO JUR\u00cdDICO PATRYK GUTIERREZ, especializado en la prestaci\u00f3n de servicios jur\u00eddicos en asuntos en [&hellip;]<\/p>","protected":false},"author":1,"featured_media":0,"parent":0,"menu_order":0,"comment_status":"closed","ping_status":"closed","template":"","meta":{"footnotes":""},"class_list":["post-13","page","type-page","status-publish","hentry"],"_links":{"self":[{"href":"https:\/\/abogadosenpolonia.pl\/pl\/wp-json\/wp\/v2\/pages\/13","targetHints":{"allow":["GET"]}}],"collection":[{"href":"https:\/\/abogadosenpolonia.pl\/pl\/wp-json\/wp\/v2\/pages"}],"about":[{"href":"https:\/\/abogadosenpolonia.pl\/pl\/wp-json\/wp\/v2\/types\/page"}],"author":[{"embeddable":true,"href":"https:\/\/abogadosenpolonia.pl\/pl\/wp-json\/wp\/v2\/users\/1"}],"replies":[{"embeddable":true,"href":"https:\/\/abogadosenpolonia.pl\/pl\/wp-json\/wp\/v2\/comments?post=13"}],"version-history":[{"count":37,"href":"https:\/\/abogadosenpolonia.pl\/pl\/wp-json\/wp\/v2\/pages\/13\/revisions"}],"predecessor-version":[{"id":285,"href":"https:\/\/abogadosenpolonia.pl\/pl\/wp-json\/wp\/v2\/pages\/13\/revisions\/285"}],"wp:attachment":[{"href":"https:\/\/abogadosenpolonia.pl\/pl\/wp-json\/wp\/v2\/media?parent=13"}],"curies":[{"name":"wp","href":"https:\/\/api.w.org\/{rel}","templated":true}]}}