{"id":72,"date":"2026-01-06T17:01:36","date_gmt":"2026-01-06T16:01:36","guid":{"rendered":"https:\/\/abogadosenpolonia.pl\/?page_id=72"},"modified":"2026-01-29T18:06:27","modified_gmt":"2026-01-29T17:06:27","slug":"services","status":"publish","type":"page","link":"https:\/\/abogadosenpolonia.pl\/en\/services\/","title":{"rendered":"Services"},"content":{"rendered":"<div data-elementor-type=\"wp-page\" data-elementor-id=\"72\" class=\"elementor elementor-72\" data-elementor-post-type=\"page\">\n\t\t\t\t<div class=\"elementor-element elementor-element-cd4c76a e-flex e-con-boxed e-con e-parent\" data-id=\"cd4c76a\" data-element_type=\"container\" data-settings=\"{&quot;background_background&quot;:&quot;classic&quot;}\">\n\t\t\t\t\t<div class=\"e-con-inner\">\n\t\t\t\t<div class=\"elementor-element elementor-element-fa7463b elementor-widget__width-initial elementor-widget-mobile__width-initial elementor-widget elementor-widget-heading\" data-id=\"fa7463b\" data-element_type=\"widget\" data-widget_type=\"heading.default\">\n\t\t\t\t\t<h2 class=\"elementor-heading-title elementor-size-default\">Legalisation of residence and employment of foreign nationals in Poland<\/h2>\t\t\t\t<\/div>\n\t\t\t\t<div class=\"elementor-element elementor-element-6d4ee1d elementor-widget elementor-widget-heading\" data-id=\"6d4ee1d\" data-element_type=\"widget\" data-widget_type=\"heading.default\">\n\t\t\t\t\t<h2 class=\"elementor-heading-title elementor-size-default\">Comprehensive legal advisory services in the field of legalisation of residence and employment of foreign nationals in Poland, including legal assistance in obtaining:<\/h2>\t\t\t\t<\/div>\n\t\t<div class=\"elementor-element elementor-element-f1e0ac4 e-con-full e-flex e-con e-child\" data-id=\"f1e0ac4\" data-element_type=\"container\">\n\t\t<div class=\"elementor-element elementor-element-83335f4 e-con-full e-flex e-con e-child\" data-id=\"83335f4\" data-element_type=\"container\" data-settings=\"{&quot;background_background&quot;:&quot;classic&quot;}\">\n\t\t\t\t<div class=\"elementor-element elementor-element-618bba6 elementor-widget__width-initial elementor-widget elementor-widget-image\" data-id=\"618bba6\" data-element_type=\"widget\" data-widget_type=\"image.default\">\n\t\t\t\t\t\t\t\t\t\t\t\t\t\t\t<img fetchpriority=\"high\" decoding=\"async\" width=\"428\" height=\"432\" src=\"https:\/\/abogadosenpolonia.pl\/wp-content\/uploads\/2026\/01\/icon_31.png\" class=\"attachment-full size-full wp-image-150\" alt=\"\" srcset=\"https:\/\/abogadosenpolonia.pl\/wp-content\/uploads\/2026\/01\/icon_31.png 428w, https:\/\/abogadosenpolonia.pl\/wp-content\/uploads\/2026\/01\/icon_31-297x300.png 297w, https:\/\/abogadosenpolonia.pl\/wp-content\/uploads\/2026\/01\/icon_31-150x150.png 150w\" sizes=\"(max-width: 428px) 100vw, 428px\" \/>\t\t\t\t\t\t\t\t\t\t\t\t\t\t\t<\/div>\n\t\t\t\t<div class=\"elementor-element elementor-element-4051954 elementor-widget elementor-widget-heading\" data-id=\"4051954\" data-element_type=\"widget\" data-widget_type=\"heading.default\">\n\t\t\t\t\t<h2 class=\"elementor-heading-title elementor-size-default\">a temporary residence permit<\/h2>\t\t\t\t<\/div>\n\t\t\t\t<\/div>\n\t\t<div class=\"elementor-element elementor-element-71329b1 e-con-full e-flex e-con e-child\" data-id=\"71329b1\" data-element_type=\"container\" data-settings=\"{&quot;background_background&quot;:&quot;classic&quot;}\">\n\t\t\t\t<div class=\"elementor-element elementor-element-36e2ddc elementor-widget__width-initial elementor-widget elementor-widget-image\" data-id=\"36e2ddc\" data-element_type=\"widget\" data-widget_type=\"image.default\">\n\t\t\t\t\t\t\t\t\t\t\t\t\t\t\t<img decoding=\"async\" width=\"424\" height=\"424\" src=\"https:\/\/abogadosenpolonia.pl\/wp-content\/uploads\/2026\/01\/icon_32.png\" class=\"attachment-full size-full wp-image-151\" alt=\"\" srcset=\"https:\/\/abogadosenpolonia.pl\/wp-content\/uploads\/2026\/01\/icon_32.png 424w, https:\/\/abogadosenpolonia.pl\/wp-content\/uploads\/2026\/01\/icon_32-300x300.png 300w, https:\/\/abogadosenpolonia.pl\/wp-content\/uploads\/2026\/01\/icon_32-150x150.png 150w\" sizes=\"(max-width: 424px) 100vw, 424px\" \/>\t\t\t\t\t\t\t\t\t\t\t\t\t\t\t<\/div>\n\t\t\t\t<div class=\"elementor-element elementor-element-b96417f elementor-widget elementor-widget-heading\" data-id=\"b96417f\" data-element_type=\"widget\" data-widget_type=\"heading.default\">\n\t\t\t\t\t<h2 class=\"elementor-heading-title elementor-size-default\">a permanent residence permit<\/h2>\t\t\t\t<\/div>\n\t\t\t\t<\/div>\n\t\t<div class=\"elementor-element elementor-element-eb37027 e-con-full e-flex e-con e-child\" data-id=\"eb37027\" data-element_type=\"container\" data-settings=\"{&quot;background_background&quot;:&quot;classic&quot;}\">\n\t\t\t\t<div class=\"elementor-element elementor-element-f39bd8e elementor-widget__width-initial elementor-widget elementor-widget-image\" data-id=\"f39bd8e\" data-element_type=\"widget\" data-widget_type=\"image.default\">\n\t\t\t\t\t\t\t\t\t\t\t\t\t\t\t<img decoding=\"async\" width=\"420\" height=\"420\" src=\"https:\/\/abogadosenpolonia.pl\/wp-content\/uploads\/2026\/01\/icon_33.png\" class=\"attachment-full size-full wp-image-152\" alt=\"\" srcset=\"https:\/\/abogadosenpolonia.pl\/wp-content\/uploads\/2026\/01\/icon_33.png 420w, https:\/\/abogadosenpolonia.pl\/wp-content\/uploads\/2026\/01\/icon_33-300x300.png 300w, https:\/\/abogadosenpolonia.pl\/wp-content\/uploads\/2026\/01\/icon_33-150x150.png 150w\" sizes=\"(max-width: 420px) 100vw, 420px\" \/>\t\t\t\t\t\t\t\t\t\t\t\t\t\t\t<\/div>\n\t\t\t\t<div class=\"elementor-element elementor-element-0f0e342 elementor-widget elementor-widget-heading\" data-id=\"0f0e342\" data-element_type=\"widget\" data-widget_type=\"heading.default\">\n\t\t\t\t\t<h2 class=\"elementor-heading-title elementor-size-default\">an EU long\u2011term resident\u2019s residence permit<\/h2>\t\t\t\t<\/div>\n\t\t\t\t<\/div>\n\t\t<div class=\"elementor-element elementor-element-e7ae3bc e-con-full e-flex e-con e-child\" data-id=\"e7ae3bc\" data-element_type=\"container\" data-settings=\"{&quot;background_background&quot;:&quot;classic&quot;}\">\n\t\t\t\t<div class=\"elementor-element elementor-element-892764c elementor-widget__width-initial elementor-widget elementor-widget-image\" data-id=\"892764c\" data-element_type=\"widget\" data-widget_type=\"image.default\">\n\t\t\t\t\t\t\t\t\t\t\t\t\t\t\t<img loading=\"lazy\" decoding=\"async\" width=\"424\" height=\"424\" src=\"https:\/\/abogadosenpolonia.pl\/wp-content\/uploads\/2026\/01\/icon_34.png\" class=\"attachment-full size-full wp-image-153\" alt=\"\" srcset=\"https:\/\/abogadosenpolonia.pl\/wp-content\/uploads\/2026\/01\/icon_34.png 424w, https:\/\/abogadosenpolonia.pl\/wp-content\/uploads\/2026\/01\/icon_34-300x300.png 300w, https:\/\/abogadosenpolonia.pl\/wp-content\/uploads\/2026\/01\/icon_34-150x150.png 150w\" sizes=\"(max-width: 424px) 100vw, 424px\" \/>\t\t\t\t\t\t\t\t\t\t\t\t\t\t\t<\/div>\n\t\t\t\t<div class=\"elementor-element elementor-element-04c27ad elementor-widget elementor-widget-heading\" data-id=\"04c27ad\" data-element_type=\"widget\" data-widget_type=\"heading.default\">\n\t\t\t\t\t<h2 class=\"elementor-heading-title elementor-size-default\">Polish citizenship<\/h2>\t\t\t\t<\/div>\n\t\t\t\t<\/div>\n\t\t<div class=\"elementor-element elementor-element-d675723 e-con-full e-flex e-con e-child\" data-id=\"d675723\" data-element_type=\"container\" data-settings=\"{&quot;background_background&quot;:&quot;classic&quot;}\">\n\t\t\t\t<div class=\"elementor-element elementor-element-af30cf6 elementor-widget__width-initial elementor-widget elementor-widget-image\" data-id=\"af30cf6\" data-element_type=\"widget\" data-widget_type=\"image.default\">\n\t\t\t\t\t\t\t\t\t\t\t\t\t\t\t<img loading=\"lazy\" decoding=\"async\" width=\"420\" height=\"420\" src=\"https:\/\/abogadosenpolonia.pl\/wp-content\/uploads\/2026\/01\/icon_35.png\" class=\"attachment-full size-full wp-image-154\" alt=\"\" srcset=\"https:\/\/abogadosenpolonia.pl\/wp-content\/uploads\/2026\/01\/icon_35.png 420w, https:\/\/abogadosenpolonia.pl\/wp-content\/uploads\/2026\/01\/icon_35-300x300.png 300w, https:\/\/abogadosenpolonia.pl\/wp-content\/uploads\/2026\/01\/icon_35-150x150.png 150w\" sizes=\"(max-width: 420px) 100vw, 420px\" \/>\t\t\t\t\t\t\t\t\t\t\t\t\t\t\t<\/div>\n\t\t\t\t<div class=\"elementor-element elementor-element-cc58336 elementor-widget elementor-widget-heading\" data-id=\"cc58336\" data-element_type=\"widget\" data-widget_type=\"heading.default\">\n\t\t\t\t\t<h2 class=\"elementor-heading-title elementor-size-default\">an invitation to Poland<\/h2>\t\t\t\t<\/div>\n\t\t\t\t<\/div>\n\t\t<div class=\"elementor-element elementor-element-ad39407 e-con-full e-flex e-con e-child\" data-id=\"ad39407\" data-element_type=\"container\" data-settings=\"{&quot;background_background&quot;:&quot;classic&quot;}\">\n\t\t\t\t<div class=\"elementor-element elementor-element-5b10515 elementor-widget__width-initial elementor-widget elementor-widget-image\" data-id=\"5b10515\" data-element_type=\"widget\" data-widget_type=\"image.default\">\n\t\t\t\t\t\t\t\t\t\t\t\t\t\t\t<img loading=\"lazy\" decoding=\"async\" width=\"424\" height=\"420\" src=\"https:\/\/abogadosenpolonia.pl\/wp-content\/uploads\/2026\/01\/icon_36.png\" class=\"attachment-full size-full wp-image-155\" alt=\"\" srcset=\"https:\/\/abogadosenpolonia.pl\/wp-content\/uploads\/2026\/01\/icon_36.png 424w, https:\/\/abogadosenpolonia.pl\/wp-content\/uploads\/2026\/01\/icon_36-300x297.png 300w, https:\/\/abogadosenpolonia.pl\/wp-content\/uploads\/2026\/01\/icon_36-150x150.png 150w\" sizes=\"(max-width: 424px) 100vw, 424px\" \/>\t\t\t\t\t\t\t\t\t\t\t\t\t\t\t<\/div>\n\t\t\t\t<div class=\"elementor-element elementor-element-35b6f98 elementor-widget elementor-widget-heading\" data-id=\"35b6f98\" data-element_type=\"widget\" data-widget_type=\"heading.default\">\n\t\t\t\t\t<h2 class=\"elementor-heading-title elementor-size-default\">a work permit<\/h2>\t\t\t\t<\/div>\n\t\t\t\t<\/div>\n\t\t<div class=\"elementor-element elementor-element-4980727 e-con-full e-flex e-con e-child\" data-id=\"4980727\" data-element_type=\"container\" data-settings=\"{&quot;background_background&quot;:&quot;classic&quot;}\">\n\t\t\t\t<div class=\"elementor-element elementor-element-6b623e0 elementor-widget__width-initial elementor-widget elementor-widget-image\" data-id=\"6b623e0\" data-element_type=\"widget\" data-widget_type=\"image.default\">\n\t\t\t\t\t\t\t\t\t\t\t\t\t\t\t<img loading=\"lazy\" decoding=\"async\" width=\"432\" height=\"428\" src=\"https:\/\/abogadosenpolonia.pl\/wp-content\/uploads\/2026\/01\/icon_37.png\" class=\"attachment-full size-full wp-image-156\" alt=\"\" srcset=\"https:\/\/abogadosenpolonia.pl\/wp-content\/uploads\/2026\/01\/icon_37.png 432w, https:\/\/abogadosenpolonia.pl\/wp-content\/uploads\/2026\/01\/icon_37-300x297.png 300w, https:\/\/abogadosenpolonia.pl\/wp-content\/uploads\/2026\/01\/icon_37-150x150.png 150w\" sizes=\"(max-width: 432px) 100vw, 432px\" \/>\t\t\t\t\t\t\t\t\t\t\t\t\t\t\t<\/div>\n\t\t\t\t<div class=\"elementor-element elementor-element-27df160 elementor-widget elementor-widget-heading\" data-id=\"27df160\" data-element_type=\"widget\" data-widget_type=\"heading.default\">\n\t\t\t\t\t<h2 class=\"elementor-heading-title elementor-size-default\">a visa<\/h2>\t\t\t\t<\/div>\n\t\t\t\t<\/div>\n\t\t\t\t<div class=\"elementor-element elementor-element-a2eebdd elementor-widget elementor-widget-image\" data-id=\"a2eebdd\" data-element_type=\"widget\" data-widget_type=\"image.default\">\n\t\t\t\t\t\t\t\t\t\t\t\t\t\t\t<img loading=\"lazy\" decoding=\"async\" width=\"2560\" height=\"853\" src=\"https:\/\/abogadosenpolonia.pl\/wp-content\/uploads\/2026\/01\/services-scaled.jpg\" class=\"attachment-full size-full wp-image-286\" alt=\"\" srcset=\"https:\/\/abogadosenpolonia.pl\/wp-content\/uploads\/2026\/01\/services-scaled.jpg 2560w, https:\/\/abogadosenpolonia.pl\/wp-content\/uploads\/2026\/01\/services-300x100.jpg 300w, https:\/\/abogadosenpolonia.pl\/wp-content\/uploads\/2026\/01\/services-1024x341.jpg 1024w, https:\/\/abogadosenpolonia.pl\/wp-content\/uploads\/2026\/01\/services-768x256.jpg 768w, https:\/\/abogadosenpolonia.pl\/wp-content\/uploads\/2026\/01\/services-1536x512.jpg 1536w, https:\/\/abogadosenpolonia.pl\/wp-content\/uploads\/2026\/01\/services-2048x683.jpg 2048w\" sizes=\"(max-width: 2560px) 100vw, 2560px\" \/>\t\t\t\t\t\t\t\t\t\t\t\t\t\t\t<\/div>\n\t\t\t\t<\/div>\n\t\t\t\t\t<\/div>\n\t\t\t\t<\/div>\n\t\t<div class=\"elementor-element elementor-element-d291ff3 e-flex e-con-boxed e-con e-parent\" data-id=\"d291ff3\" data-element_type=\"container\" data-settings=\"{&quot;background_background&quot;:&quot;classic&quot;}\">\n\t\t\t\t\t<div class=\"e-con-inner\">\n\t\t\t\t<div class=\"elementor-element elementor-element-17f6878 elementor-widget elementor-widget-heading\" data-id=\"17f6878\" data-element_type=\"widget\" data-widget_type=\"heading.default\">\n\t\t\t\t\t<h2 class=\"elementor-heading-title elementor-size-default\">Furthermore, legal assistance is provided<\/h2>\t\t\t\t<\/div>\n\t\t<div class=\"elementor-element elementor-element-8886b35 e-grid e-con-full e-con e-child\" data-id=\"8886b35\" data-element_type=\"container\">\n\t\t<div class=\"elementor-element elementor-element-66f2189 e-con-full e-flex e-con e-child\" data-id=\"66f2189\" data-element_type=\"container\" data-settings=\"{&quot;background_background&quot;:&quot;classic&quot;}\">\n\t\t\t\t<div class=\"elementor-element elementor-element-f50e9c6 elementor-widget elementor-widget-image\" data-id=\"f50e9c6\" data-element_type=\"widget\" data-widget_type=\"image.default\">\n\t\t\t\t\t\t\t\t\t\t\t\t\t\t\t<img loading=\"lazy\" decoding=\"async\" width=\"476\" height=\"476\" src=\"https:\/\/abogadosenpolonia.pl\/wp-content\/uploads\/2026\/01\/icon_38.png\" class=\"attachment-full size-full wp-image-74\" alt=\"\" srcset=\"https:\/\/abogadosenpolonia.pl\/wp-content\/uploads\/2026\/01\/icon_38.png 476w, https:\/\/abogadosenpolonia.pl\/wp-content\/uploads\/2026\/01\/icon_38-300x300.png 300w, https:\/\/abogadosenpolonia.pl\/wp-content\/uploads\/2026\/01\/icon_38-150x150.png 150w\" sizes=\"(max-width: 476px) 100vw, 476px\" \/>\t\t\t\t\t\t\t\t\t\t\t\t\t\t\t<\/div>\n\t\t\t\t<div class=\"elementor-element elementor-element-d2fb088 elementor-widget elementor-widget-heading\" data-id=\"d2fb088\" data-element_type=\"widget\" data-widget_type=\"heading.default\">\n\t\t\t\t\t<h2 class=\"elementor-heading-title elementor-size-default\">in drafting an appeal against a decision of the authority of first instance<\/h2>\t\t\t\t<\/div>\n\t\t\t\t<\/div>\n\t\t<div class=\"elementor-element elementor-element-0fd62d7 e-con-full e-flex e-con e-child\" data-id=\"0fd62d7\" data-element_type=\"container\" data-settings=\"{&quot;background_background&quot;:&quot;classic&quot;}\">\n\t\t\t\t<div class=\"elementor-element elementor-element-98d2084 elementor-widget elementor-widget-image\" data-id=\"98d2084\" data-element_type=\"widget\" data-widget_type=\"image.default\">\n\t\t\t\t\t\t\t\t\t\t\t\t\t\t\t<img loading=\"lazy\" decoding=\"async\" width=\"500\" height=\"472\" src=\"https:\/\/abogadosenpolonia.pl\/wp-content\/uploads\/2026\/01\/icon_39.png\" class=\"attachment-full size-full wp-image-158\" alt=\"\" srcset=\"https:\/\/abogadosenpolonia.pl\/wp-content\/uploads\/2026\/01\/icon_39.png 500w, https:\/\/abogadosenpolonia.pl\/wp-content\/uploads\/2026\/01\/icon_39-300x283.png 300w\" sizes=\"(max-width: 500px) 100vw, 500px\" \/>\t\t\t\t\t\t\t\t\t\t\t\t\t\t\t<\/div>\n\t\t\t\t<div class=\"elementor-element elementor-element-92300c0 elementor-widget elementor-widget-heading\" data-id=\"92300c0\" data-element_type=\"widget\" data-widget_type=\"heading.default\">\n\t\t\t\t\t<h2 class=\"elementor-heading-title elementor-size-default\">in drafting a complaint to the provincial (voivodeship) administrative court<\/h2>\t\t\t\t<\/div>\n\t\t\t\t<\/div>\n\t\t<div class=\"elementor-element elementor-element-fd8d0d6 e-con-full e-flex e-con e-child\" data-id=\"fd8d0d6\" data-element_type=\"container\" data-settings=\"{&quot;background_background&quot;:&quot;classic&quot;}\">\n\t\t\t\t<div class=\"elementor-element elementor-element-2a9afe1 elementor-widget elementor-widget-image\" data-id=\"2a9afe1\" data-element_type=\"widget\" data-widget_type=\"image.default\">\n\t\t\t\t\t\t\t\t\t\t\t\t\t\t\t<img loading=\"lazy\" decoding=\"async\" width=\"428\" height=\"476\" src=\"https:\/\/abogadosenpolonia.pl\/wp-content\/uploads\/2026\/01\/icon_40.png\" class=\"attachment-full size-full wp-image-159\" alt=\"\" srcset=\"https:\/\/abogadosenpolonia.pl\/wp-content\/uploads\/2026\/01\/icon_40.png 428w, https:\/\/abogadosenpolonia.pl\/wp-content\/uploads\/2026\/01\/icon_40-270x300.png 270w\" sizes=\"(max-width: 428px) 100vw, 428px\" \/>\t\t\t\t\t\t\t\t\t\t\t\t\t\t\t<\/div>\n\t\t\t\t<div class=\"elementor-element elementor-element-adecfef elementor-widget elementor-widget-heading\" data-id=\"adecfef\" data-element_type=\"widget\" data-widget_type=\"heading.default\">\n\t\t\t\t\t<h2 class=\"elementor-heading-title elementor-size-default\">by representing clients before public administrative authorities<\/h2>\t\t\t\t<\/div>\n\t\t\t\t<\/div>\n\t\t\t\t<\/div>\n\t\t\t\t\t<\/div>\n\t\t\t\t<\/div>\n\t\t\t\t<\/div>","protected":false},"excerpt":{"rendered":"<p>Legalizaci\u00f3n de la estancia y del trabajo de extranjeros en Polonia Prestaci\u00f3n de asesoramiento jur\u00eddico integral en materia de legalizaci\u00f3n de la estancia y del trabajo de extranjeros en Polonia, incluida la asistencia jur\u00eddica para la obtenci\u00f3n de: un permiso de residencia temporal un permiso de residencia permanente un permiso de residencia de residente de [&hellip;]<\/p>","protected":false},"author":1,"featured_media":0,"parent":0,"menu_order":0,"comment_status":"closed","ping_status":"closed","template":"","meta":{"footnotes":""},"class_list":["post-72","page","type-page","status-publish","hentry"],"_links":{"self":[{"href":"https:\/\/abogadosenpolonia.pl\/en\/wp-json\/wp\/v2\/pages\/72","targetHints":{"allow":["GET"]}}],"collection":[{"href":"https:\/\/abogadosenpolonia.pl\/en\/wp-json\/wp\/v2\/pages"}],"about":[{"href":"https:\/\/abogadosenpolonia.pl\/en\/wp-json\/wp\/v2\/types\/page"}],"author":[{"embeddable":true,"href":"https:\/\/abogadosenpolonia.pl\/en\/wp-json\/wp\/v2\/users\/1"}],"replies":[{"embeddable":true,"href":"https:\/\/abogadosenpolonia.pl\/en\/wp-json\/wp\/v2\/comments?post=72"}],"version-history":[{"count":22,"href":"https:\/\/abogadosenpolonia.pl\/en\/wp-json\/wp\/v2\/pages\/72\/revisions"}],"predecessor-version":[{"id":373,"href":"https:\/\/abogadosenpolonia.pl\/en\/wp-json\/wp\/v2\/pages\/72\/revisions\/373"}],"wp:attachment":[{"href":"https:\/\/abogadosenpolonia.pl\/en\/wp-json\/wp\/v2\/media?parent=72"}],"curies":[{"name":"wp","href":"https:\/\/api.w.org\/{rel}","templated":true}]}}